{"id":1355,"date":"2025-10-24T16:55:04","date_gmt":"2025-10-24T16:55:04","guid":{"rendered":"https:\/\/jf-digital-marketing-media-consulting.de\/?page_id=1355"},"modified":"2026-04-21T13:24:13","modified_gmt":"2026-04-21T13:24:13","slug":"marketing-fuer-gruender","status":"publish","type":"page","link":"https:\/\/jf-digital-marketing-media-consulting.de\/en\/marketing-angebote\/marketing-fuer-gruender\/","title":{"rendered":"Marketing for founders, solo entrepreneurs, dreamers"},"content":{"rendered":"<div data-elementor-type=\"wp-page\" data-elementor-id=\"1355\" class=\"elementor elementor-1355\">\n\t\t\t\t<div class=\"elementor-element elementor-element-a278a0e e-grid e-con-boxed e-con e-parent\" data-id=\"a278a0e\" data-element_type=\"container\" data-e-type=\"container\">\n\t\t\t\t\t<div class=\"e-con-inner\">\n\t\t\t\t<div class=\"elementor-element elementor-element-7f45633 elementor-widget elementor-widget-heading\" data-id=\"7f45633\" data-element_type=\"widget\" data-e-type=\"widget\" data-widget_type=\"heading.default\">\n\t\t\t\t<div class=\"elementor-widget-container\">\n\t\t\t\t\t<h1 class=\"elementor-heading-title elementor-size-default\"><br>Marketing uncomplicated \n<br> and effective<\/h1>\t\t\t\t<\/div>\n\t\t\t\t<\/div>\n\t\t\t\t<div class=\"elementor-element elementor-element-0b4ba95 elementor-widget elementor-widget-video\" data-id=\"0b4ba95\" data-element_type=\"widget\" data-e-type=\"widget\" data-settings=\"{&quot;video_type&quot;:&quot;hosted&quot;,&quot;controls&quot;:&quot;yes&quot;}\" data-widget_type=\"video.default\">\n\t\t\t\t<div class=\"elementor-widget-container\">\n\t\t\t\t\t\t\t<div class=\"e-hosted-video elementor-wrapper elementor-open-inline\">\n\t\t\t\t\t<video class=\"elementor-video\" src=\"https:\/\/jf-digital-marketing-media-consulting.de\/wp-content\/uploads\/2026\/04\/YoutUbe-deutsch.mp4\" controls=\"\" preload=\"metadata\" controlslist=\"nodownload\"><\/video>\n\t\t\t\t<\/div>\n\t\t\t\t\t\t<\/div>\n\t\t\t\t<\/div>\n\t\t\t\t\t<\/div>\n\t\t\t\t<\/div>\n\t\t<div class=\"elementor-element elementor-element-5eb0e99 e-flex e-con-boxed e-con e-parent\" data-id=\"5eb0e99\" data-element_type=\"container\" data-e-type=\"container\">\n\t\t\t\t\t<div class=\"e-con-inner\">\n\t\t\t\t<div class=\"elementor-element elementor-element-f6d7f6f elementor-widget elementor-widget-button\" data-id=\"f6d7f6f\" data-element_type=\"widget\" data-e-type=\"widget\" data-widget_type=\"button.default\">\n\t\t\t\t<div class=\"elementor-widget-container\">\n\t\t\t\t\t\t\t\t\t<div class=\"elementor-button-wrapper\">\n\t\t\t\t\t<a class=\"elementor-button elementor-button-link elementor-size-sm\" href=\"https:\/\/jf-digital-marketing-media-consulting.de\/en\/kontakt\/\">\n\t\t\t\t\t\t<span class=\"elementor-button-content-wrapper\">\n\t\t\t\t\t\t\t\t\t<span class=\"elementor-button-text\">Jetzt 15% Rabatt f\u00fcr Neukunden - bis 30. April!<\/span>\n\t\t\t\t\t<\/span>\n\t\t\t\t\t<\/a>\n\t\t\t\t<\/div>\n\t\t\t\t\t\t\t\t<\/div>\n\t\t\t\t<\/div>\n\t\t\t\t\t<\/div>\n\t\t\t\t<\/div>\n\t\t<div class=\"elementor-element elementor-element-25e8d9e e-grid e-con-boxed e-con e-parent\" data-id=\"25e8d9e\" data-element_type=\"container\" data-e-type=\"container\">\n\t\t\t\t\t<div class=\"e-con-inner\">\n\t\t\t\t<div class=\"elementor-element elementor-element-ea1ba02 elementor-widget elementor-widget-text-editor\" data-id=\"ea1ba02\" data-element_type=\"widget\" data-e-type=\"widget\" data-widget_type=\"text-editor.default\">\n\t\t\t\t<div class=\"elementor-widget-container\">\n\t\t\t\t\t\t\t\t\t<p>After many years in agencies, with big clients, large campaign budget and lots of responsibility, I realized: this is simply no longer enough for me. I want to shift my focus and use my knowledge to support small businesses. Help them grow, become more visible and successful.<\/p><p>I want to help people make their dreams come true. \nThe single mother who wants to sell her wonderful cakes. The yoga teacher who gives so many an hour of rest. The photographer who captures the most beautiful memories. \nThe founders, the solo self-employed, the dreamers.<\/p><p>You've come to the right place if you:<\/p><ul><li>Need more awareness for your business<\/li><li>Want to get regular customer inquiries &amp; grow sustainably<\/li><li>Need support and a concrete plan for your marketing: social media, newsletter, website, Google search etc.<\/li><\/ul><p>It is important to me, to look after my clients individually. Everyone has a different level of knowledge in marketing and different requirements. Some people like to be involved in strategy development, others simply want to hand over their marketing to someone. \nThat's why I offer different options:<\/p>\t\t\t\t\t\t\t\t<\/div>\n\t\t\t\t<\/div>\n\t\t\t\t\t<\/div>\n\t\t\t\t<\/div>\n\t\t<div class=\"elementor-element elementor-element-e81b701 e-grid e-con-boxed e-con e-parent\" data-id=\"e81b701\" data-element_type=\"container\" data-e-type=\"container\">\n\t\t\t\t\t<div class=\"e-con-inner\">\n\t\t\t\t<div class=\"elementor-element elementor-element-07204e7 elementor-widget elementor-widget-text-editor\" data-id=\"07204e7\" data-element_type=\"widget\" data-e-type=\"widget\" data-widget_type=\"text-editor.default\">\n\t\t\t\t<div class=\"elementor-widget-container\">\n\t\t\t\t\t\t\t\t\t<p><strong>Free initial consultation<\/strong><\/p><p>I offer a free initial consultation for everyone. We get to know each other and define why exactly you need marketing support. Here, you can show me your website, social media channels or other marketing measures. If you describe your problems to me, we can define together how we can tackle them quickly and easily. We will find a suitable solution for everyone! Feel free to write to me directly here.<\/p><p><strong>Free<\/strong><\/p>\t\t\t\t\t\t\t\t<\/div>\n\t\t\t\t<\/div>\n\t\t\t\t\t<\/div>\n\t\t\t\t<\/div>\n\t\t<div class=\"elementor-element elementor-element-afc1806 e-grid e-con-boxed e-con e-parent\" data-id=\"afc1806\" data-element_type=\"container\" data-e-type=\"container\">\n\t\t\t\t\t<div class=\"e-con-inner\">\n\t\t\t\t<div class=\"elementor-element elementor-element-8dd3cd8 elementor-widget elementor-widget-text-editor\" data-id=\"8dd3cd8\" data-element_type=\"widget\" data-e-type=\"widget\" data-widget_type=\"text-editor.default\">\n\t\t\t\t<div class=\"elementor-widget-container\">\n\t\t\t\t\t\t\t\t\t<p><strong>Basic marketing consulting<\/strong><\/p><p>In comparison to the free initial consultation, this offer goes into more detail and includes a more profound preparation from my side. We make an analysis of your current situation and, if available, the marketing measures. Here, we could for example take a more thorough look at your social media presence, discover why your newsletter is not working well or analyse your website. Or, we discuss why you have not implemented these kind of tactics yet. The aim of the meeting is to get an overview of pain points to be able to develop a clear strategy on how marketing will advance your company in the future.<\/p><p>If you are interested in getting a better understanding of marketing, I am happy to include basic theories and explain the correlations of marketing activities.<\/p><p><strong>From 178\u20ac<\/strong><\/p>\t\t\t\t\t\t\t\t<\/div>\n\t\t\t\t<\/div>\n\t\t\t\t\t<\/div>\n\t\t\t\t<\/div>\n\t\t<div class=\"elementor-element elementor-element-03192ee e-grid e-con-boxed e-con e-parent\" data-id=\"03192ee\" data-element_type=\"container\" data-e-type=\"container\">\n\t\t\t\t\t<div class=\"e-con-inner\">\n\t\t\t\t<div class=\"elementor-element elementor-element-71f653d elementor-widget elementor-widget-text-editor\" data-id=\"71f653d\" data-element_type=\"widget\" data-e-type=\"widget\" data-widget_type=\"text-editor.default\">\n\t\t\t\t<div class=\"elementor-widget-container\">\n\t\t\t\t\t\t\t\t\t<p><strong>Marketing support<\/strong><\/p><p>For those who want quick and uncomplicated support for their marketing, I offer the following services:<\/p><ul><li>Social media management, content calendar, channel management<\/li><li>Newsletter creation<\/li><li>Building of simple websites (e.g. WordPress), improvement and adaptation to search engines (SEO), preparation for search engine campaigns (SEA)<\/li><\/ul><p><strong>Do you have any other issues that you need support with? Feel free to write to me!<\/strong><\/p><p><strong>From 75\u20ac\/hour or 400\u20ac monthly support<\/strong><\/p>\t\t\t\t\t\t\t\t<\/div>\n\t\t\t\t<\/div>\n\t\t<div class=\"elementor-element elementor-element-f3a7fba e-grid e-con-full e-con e-child\" data-id=\"f3a7fba\" data-element_type=\"container\" data-e-type=\"container\">\n\t\t\t\t<div class=\"elementor-element elementor-element-57bf9ff elementor-widget elementor-widget-text-editor\" data-id=\"57bf9ff\" data-element_type=\"widget\" data-e-type=\"widget\" data-widget_type=\"text-editor.default\">\n\t\t\t\t<div class=\"elementor-widget-container\">\n\t\t\t\t\t\t\t\t\t<p><strong>Short Strategy Marketing\u00a0<\/strong><\/p><p>If you've already tried a lot of marketing, have dived deeper into the topic, but haven't yet found the right mix of marketing activities, a short marketing strategy is recommended.<\/p><p>Here you will receive all the information at a glance: The short strategy shows how current measures contribute to your company's goals \u2013 or not. Structured and with clear instructions for action, this option is ideal for companies that are looking for precise instructions and want to continue working on improving their marketing.<\/p><ol><li>Analysis &amp; Creation of Corporate Goals and Marketing Goals<\/li><li>Evaluation of existing marketing measures<\/li><li>Target group definition and recommendation for further action in marketing<\/li><\/ol><p><strong>From 2.000\u20ac<\/strong><\/p>\t\t\t\t\t\t\t\t<\/div>\n\t\t\t\t<\/div>\n\t\t\t\t<\/div>\n\t\t\t\t\t<\/div>\n\t\t\t\t<\/div>\n\t\t<div class=\"elementor-element elementor-element-15a2d2f e-grid e-con-boxed e-con e-parent\" data-id=\"15a2d2f\" data-element_type=\"container\" data-e-type=\"container\">\n\t\t\t\t\t<div class=\"e-con-inner\">\n\t\t\t\t<div class=\"elementor-element elementor-element-4a639a9 elementor-align-center elementor-widget elementor-widget-button\" data-id=\"4a639a9\" data-element_type=\"widget\" data-e-type=\"widget\" data-widget_type=\"button.default\">\n\t\t\t\t<div class=\"elementor-widget-container\">\n\t\t\t\t\t\t\t\t\t<div class=\"elementor-button-wrapper\">\n\t\t\t\t\t<a class=\"elementor-button elementor-button-link elementor-size-sm\" href=\"https:\/\/jf-digital-marketing-media-consulting.de\/en\/kontakt\/\">\n\t\t\t\t\t\t<span class=\"elementor-button-content-wrapper\">\n\t\t\t\t\t\t\t\t\t<span class=\"elementor-button-text\">For a complete price list or to book, please contact me directly!<\/span>\n\t\t\t\t\t<\/span>\n\t\t\t\t\t<\/a>\n\t\t\t\t<\/div>\n\t\t\t\t\t\t\t\t<\/div>\n\t\t\t\t<\/div>\n\t\t\t\t\t<\/div>\n\t\t\t\t<\/div>\n\t\t\t\t<\/div>","protected":false},"excerpt":{"rendered":"<p>Marketing unkompliziert und effektiv https:\/\/jf-digital-marketing-media-consulting.de\/wp-content\/uploads\/2026\/04\/YoutUbe-deutsch.mp4 Jetzt 15% Rabatt f\u00fcr Neukunden &#8211; bis 30. April! Nach vielen Jahren in Agenturen, mit gro\u00dfen Kunden, viel Kampagnenbudget und Verantwortung habe ich gemerkt: das reicht mir einfach nicht mehr. Ich m\u00f6chte meinen Fokus verlagern und mein Wissen nutzen, um kleine Unternehmen zu unterst\u00fctzen. Ihnen dabei helfen zu wachsen, sichtbarer [&hellip;]<\/p>\n","protected":false},"author":1,"featured_media":0,"parent":500,"menu_order":0,"comment_status":"closed","ping_status":"closed","template":"","meta":{"site-sidebar-layout":"no-sidebar","site-content-layout":"page-builder","ast-site-content-layout":"default","site-content-style":"unboxed","site-sidebar-style":"unboxed","ast-global-header-display":"","ast-banner-title-visibility":"","ast-main-header-display":"","ast-hfb-above-header-display":"","ast-hfb-below-header-display":"","ast-hfb-mobile-header-display":"","site-post-title":"disabled","ast-breadcrumbs-content":"","ast-featured-img":"disabled","footer-sml-layout":"","ast-disable-related-posts":"","theme-transparent-header-meta":"","adv-header-id-meta":"","stick-header-meta":"","header-above-stick-meta":"","header-main-stick-meta":"","header-below-stick-meta":"","astra-migrate-meta-layouts":"set","ast-page-background-enabled":"default","ast-page-background-meta":{"desktop":{"background-color":"","background-image":"","background-repeat":"repeat","background-position":"center center","background-size":"auto","background-attachment":"scroll","background-type":"","background-media":"","overlay-type":"","overlay-color":"","overlay-opacity":"","overlay-gradient":""},"tablet":{"background-color":"","background-image":"","background-repeat":"repeat","background-position":"center center","background-size":"auto","background-attachment":"scroll","background-type":"","background-media":"","overlay-type":"","overlay-color":"","overlay-opacity":"","overlay-gradient":""},"mobile":{"background-color":"","background-image":"","background-repeat":"repeat","background-position":"center center","background-size":"auto","background-attachment":"scroll","background-type":"","background-media":"","overlay-type":"","overlay-color":"","overlay-opacity":"","overlay-gradient":""}},"ast-content-background-meta":{"desktop":{"background-color":"var(--ast-global-color-5)","background-image":"","background-repeat":"repeat","background-position":"center center","background-size":"auto","background-attachment":"scroll","background-type":"","background-media":"","overlay-type":"","overlay-color":"","overlay-opacity":"","overlay-gradient":""},"tablet":{"background-color":"var(--ast-global-color-5)","background-image":"","background-repeat":"repeat","background-position":"center center","background-size":"auto","background-attachment":"scroll","background-type":"","background-media":"","overlay-type":"","overlay-color":"","overlay-opacity":"","overlay-gradient":""},"mobile":{"background-color":"var(--ast-global-color-5)","background-image":"","background-repeat":"repeat","background-position":"center center","background-size":"auto","background-attachment":"scroll","background-type":"","background-media":"","overlay-type":"","overlay-color":"","overlay-opacity":"","overlay-gradient":""}},"footnotes":""},"class_list":["post-1355","page","type-page","status-publish","hentry"],"yoast_head":"<!-- This site is optimized with the Yoast SEO plugin v27.4 - https:\/\/yoast.com\/product\/yoast-seo-wordpress\/ -->\n<title>Marketing f\u00fcr Gr\u00fcnder, Soloselbstst\u00e4ndige, Tr\u00e4umer - Angebot<\/title>\n<meta name=\"description\" content=\"Mehr Kunden, mehr Aufmerksamtkeit - unkomplizierte und effektive Unterst\u00fctzung im Marketing von Beratung bis Umsetzung\" \/>\n<meta name=\"robots\" content=\"index, follow, max-snippet:-1, max-image-preview:large, max-video-preview:-1\" \/>\n<link rel=\"canonical\" href=\"https:\/\/jf-digital-marketing-media-consulting.de\/en\/marketing-angebote\/marketing-fuer-gruender\/\" \/>\n<meta property=\"og:locale\" content=\"en_US\" \/>\n<meta property=\"og:type\" content=\"article\" \/>\n<meta property=\"og:title\" content=\"Marketing f\u00fcr Gr\u00fcnder, Soloselbstst\u00e4ndige, Tr\u00e4umer - Angebot\" \/>\n<meta property=\"og:description\" content=\"Mehr Kunden, mehr Aufmerksamtkeit - unkomplizierte und effektive Unterst\u00fctzung im Marketing von Beratung bis Umsetzung\" \/>\n<meta property=\"og:url\" content=\"https:\/\/jf-digital-marketing-media-consulting.de\/en\/marketing-angebote\/marketing-fuer-gruender\/\" \/>\n<meta property=\"og:site_name\" content=\"Angebot\" \/>\n<meta property=\"article:modified_time\" content=\"2026-04-21T13:24:13+00:00\" \/>\n<meta name=\"twitter:card\" content=\"summary_large_image\" \/>\n<meta name=\"twitter:label1\" content=\"Est. reading time\" \/>\n\t<meta name=\"twitter:data1\" content=\"3 minutes\" \/>\n<script type=\"application\/ld+json\" class=\"yoast-schema-graph\">{\"@context\":\"https:\\\/\\\/schema.org\",\"@graph\":[{\"@type\":\"WebPage\",\"@id\":\"https:\\\/\\\/jf-digital-marketing-media-consulting.de\\\/marketing-angebote\\\/marketing-fuer-gruender\\\/\",\"url\":\"https:\\\/\\\/jf-digital-marketing-media-consulting.de\\\/marketing-angebote\\\/marketing-fuer-gruender\\\/\",\"name\":\"Marketing f\u00fcr Gr\u00fcnder, Soloselbstst\u00e4ndige, Tr\u00e4umer - Angebot\",\"isPartOf\":{\"@id\":\"https:\\\/\\\/jf-digital-marketing-media-consulting.de\\\/#website\"},\"datePublished\":\"2025-10-24T16:55:04+00:00\",\"dateModified\":\"2026-04-21T13:24:13+00:00\",\"description\":\"Mehr Kunden, mehr Aufmerksamtkeit - unkomplizierte und effektive Unterst\u00fctzung im Marketing von Beratung bis Umsetzung\",\"breadcrumb\":{\"@id\":\"https:\\\/\\\/jf-digital-marketing-media-consulting.de\\\/marketing-angebote\\\/marketing-fuer-gruender\\\/#breadcrumb\"},\"inLanguage\":\"en-NZ\",\"potentialAction\":[{\"@type\":\"ReadAction\",\"target\":[\"https:\\\/\\\/jf-digital-marketing-media-consulting.de\\\/marketing-angebote\\\/marketing-fuer-gruender\\\/\"]}]},{\"@type\":\"BreadcrumbList\",\"@id\":\"https:\\\/\\\/jf-digital-marketing-media-consulting.de\\\/marketing-angebote\\\/marketing-fuer-gruender\\\/#breadcrumb\",\"itemListElement\":[{\"@type\":\"ListItem\",\"position\":1,\"name\":\"Startseite\",\"item\":\"https:\\\/\\\/jf-digital-marketing-media-consulting.de\\\/\"},{\"@type\":\"ListItem\",\"position\":2,\"name\":\"Angebote\",\"item\":\"https:\\\/\\\/jf-digital-marketing-media-consulting.de\\\/marketing-angebote\\\/\"},{\"@type\":\"ListItem\",\"position\":3,\"name\":\"Einstiegsangebote marketing\"}]},{\"@type\":\"WebSite\",\"@id\":\"https:\\\/\\\/jf-digital-marketing-media-consulting.de\\\/#website\",\"url\":\"https:\\\/\\\/jf-digital-marketing-media-consulting.de\\\/\",\"name\":\"Home\",\"description\":\"Einstiegsangebot\",\"publisher\":{\"@id\":\"https:\\\/\\\/jf-digital-marketing-media-consulting.de\\\/#organization\"},\"potentialAction\":[{\"@type\":\"SearchAction\",\"target\":{\"@type\":\"EntryPoint\",\"urlTemplate\":\"https:\\\/\\\/jf-digital-marketing-media-consulting.de\\\/?s={search_term_string}\"},\"query-input\":{\"@type\":\"PropertyValueSpecification\",\"valueRequired\":true,\"valueName\":\"search_term_string\"}}],\"inLanguage\":\"en-NZ\"},{\"@type\":\"Organization\",\"@id\":\"https:\\\/\\\/jf-digital-marketing-media-consulting.de\\\/#organization\",\"name\":\"Jessica F\u00fcrch Digital Marketing & Media Consulting\",\"url\":\"https:\\\/\\\/jf-digital-marketing-media-consulting.de\\\/\",\"logo\":{\"@type\":\"ImageObject\",\"inLanguage\":\"en-NZ\",\"@id\":\"https:\\\/\\\/jf-digital-marketing-media-consulting.de\\\/#\\\/schema\\\/logo\\\/image\\\/\",\"url\":\"https:\\\/\\\/jf-digital-marketing-media-consulting.de\\\/wp-content\\\/uploads\\\/2025\\\/06\\\/cropped-cropped-logo-photoshop_2-1.jpg\",\"contentUrl\":\"https:\\\/\\\/jf-digital-marketing-media-consulting.de\\\/wp-content\\\/uploads\\\/2025\\\/06\\\/cropped-cropped-logo-photoshop_2-1.jpg\",\"width\":512,\"height\":512,\"caption\":\"Jessica F\u00fcrch Digital Marketing & Media Consulting\"},\"image\":{\"@id\":\"https:\\\/\\\/jf-digital-marketing-media-consulting.de\\\/#\\\/schema\\\/logo\\\/image\\\/\"}}]}<\/script>\n<!-- \/ Yoast SEO plugin. -->","yoast_head_json":{"title":"Marketing f\u00fcr Gr\u00fcnder, Soloselbstst\u00e4ndige, Tr\u00e4umer - Angebot","description":"Mehr Kunden, mehr Aufmerksamtkeit - unkomplizierte und effektive Unterst\u00fctzung im Marketing von Beratung bis Umsetzung","robots":{"index":"index","follow":"follow","max-snippet":"max-snippet:-1","max-image-preview":"max-image-preview:large","max-video-preview":"max-video-preview:-1"},"canonical":"https:\/\/jf-digital-marketing-media-consulting.de\/en\/marketing-angebote\/marketing-fuer-gruender\/","og_locale":"en_US","og_type":"article","og_title":"Marketing f\u00fcr Gr\u00fcnder, Soloselbstst\u00e4ndige, Tr\u00e4umer - Angebot","og_description":"Mehr Kunden, mehr Aufmerksamtkeit - unkomplizierte und effektive Unterst\u00fctzung im Marketing von Beratung bis Umsetzung","og_url":"https:\/\/jf-digital-marketing-media-consulting.de\/en\/marketing-angebote\/marketing-fuer-gruender\/","og_site_name":"Angebot","article_modified_time":"2026-04-21T13:24:13+00:00","twitter_card":"summary_large_image","twitter_misc":{"Est. reading time":"3 minutes"},"schema":{"@context":"https:\/\/schema.org","@graph":[{"@type":"WebPage","@id":"https:\/\/jf-digital-marketing-media-consulting.de\/marketing-angebote\/marketing-fuer-gruender\/","url":"https:\/\/jf-digital-marketing-media-consulting.de\/marketing-angebote\/marketing-fuer-gruender\/","name":"Marketing f\u00fcr Gr\u00fcnder, Soloselbstst\u00e4ndige, Tr\u00e4umer - Angebot","isPartOf":{"@id":"https:\/\/jf-digital-marketing-media-consulting.de\/#website"},"datePublished":"2025-10-24T16:55:04+00:00","dateModified":"2026-04-21T13:24:13+00:00","description":"Mehr Kunden, mehr Aufmerksamtkeit - unkomplizierte und effektive Unterst\u00fctzung im Marketing von Beratung bis Umsetzung","breadcrumb":{"@id":"https:\/\/jf-digital-marketing-media-consulting.de\/marketing-angebote\/marketing-fuer-gruender\/#breadcrumb"},"inLanguage":"en-NZ","potentialAction":[{"@type":"ReadAction","target":["https:\/\/jf-digital-marketing-media-consulting.de\/marketing-angebote\/marketing-fuer-gruender\/"]}]},{"@type":"BreadcrumbList","@id":"https:\/\/jf-digital-marketing-media-consulting.de\/marketing-angebote\/marketing-fuer-gruender\/#breadcrumb","itemListElement":[{"@type":"ListItem","position":1,"name":"Startseite","item":"https:\/\/jf-digital-marketing-media-consulting.de\/"},{"@type":"ListItem","position":2,"name":"Angebote","item":"https:\/\/jf-digital-marketing-media-consulting.de\/marketing-angebote\/"},{"@type":"ListItem","position":3,"name":"Einstiegsangebote marketing"}]},{"@type":"WebSite","@id":"https:\/\/jf-digital-marketing-media-consulting.de\/#website","url":"https:\/\/jf-digital-marketing-media-consulting.de\/","name":"Home","description":"Einstiegsangebot","publisher":{"@id":"https:\/\/jf-digital-marketing-media-consulting.de\/#organization"},"potentialAction":[{"@type":"SearchAction","target":{"@type":"EntryPoint","urlTemplate":"https:\/\/jf-digital-marketing-media-consulting.de\/?s={search_term_string}"},"query-input":{"@type":"PropertyValueSpecification","valueRequired":true,"valueName":"search_term_string"}}],"inLanguage":"en-NZ"},{"@type":"Organization","@id":"https:\/\/jf-digital-marketing-media-consulting.de\/#organization","name":"Jessica F\u00fcrch Digital Marketing & Media Consulting","url":"https:\/\/jf-digital-marketing-media-consulting.de\/","logo":{"@type":"ImageObject","inLanguage":"en-NZ","@id":"https:\/\/jf-digital-marketing-media-consulting.de\/#\/schema\/logo\/image\/","url":"https:\/\/jf-digital-marketing-media-consulting.de\/wp-content\/uploads\/2025\/06\/cropped-cropped-logo-photoshop_2-1.jpg","contentUrl":"https:\/\/jf-digital-marketing-media-consulting.de\/wp-content\/uploads\/2025\/06\/cropped-cropped-logo-photoshop_2-1.jpg","width":512,"height":512,"caption":"Jessica F\u00fcrch Digital Marketing & Media Consulting"},"image":{"@id":"https:\/\/jf-digital-marketing-media-consulting.de\/#\/schema\/logo\/image\/"}}]}},"jetpack_sharing_enabled":true,"_links":{"self":[{"href":"https:\/\/jf-digital-marketing-media-consulting.de\/en\/wp-json\/wp\/v2\/pages\/1355","targetHints":{"allow":["GET"]}}],"collection":[{"href":"https:\/\/jf-digital-marketing-media-consulting.de\/en\/wp-json\/wp\/v2\/pages"}],"about":[{"href":"https:\/\/jf-digital-marketing-media-consulting.de\/en\/wp-json\/wp\/v2\/types\/page"}],"author":[{"embeddable":true,"href":"https:\/\/jf-digital-marketing-media-consulting.de\/en\/wp-json\/wp\/v2\/users\/1"}],"replies":[{"embeddable":true,"href":"https:\/\/jf-digital-marketing-media-consulting.de\/en\/wp-json\/wp\/v2\/comments?post=1355"}],"version-history":[{"count":28,"href":"https:\/\/jf-digital-marketing-media-consulting.de\/en\/wp-json\/wp\/v2\/pages\/1355\/revisions"}],"predecessor-version":[{"id":1583,"href":"https:\/\/jf-digital-marketing-media-consulting.de\/en\/wp-json\/wp\/v2\/pages\/1355\/revisions\/1583"}],"up":[{"embeddable":true,"href":"https:\/\/jf-digital-marketing-media-consulting.de\/en\/wp-json\/wp\/v2\/pages\/500"}],"wp:attachment":[{"href":"https:\/\/jf-digital-marketing-media-consulting.de\/en\/wp-json\/wp\/v2\/media?parent=1355"}],"curies":[{"name":"wp","href":"https:\/\/api.w.org\/{rel}","templated":true}]}}