{"id":501,"date":"2025-06-06T09:36:47","date_gmt":"2025-06-06T09:36:47","guid":{"rendered":"https:\/\/jf-digital-marketing-media-consulting.de\/contact\/"},"modified":"2026-04-14T12:53:29","modified_gmt":"2026-04-14T12:53:29","slug":"kontakt","status":"publish","type":"page","link":"https:\/\/jf-digital-marketing-media-consulting.de\/en\/kontakt\/","title":{"rendered":"Kontakt"},"content":{"rendered":"\t\t<div data-elementor-type=\"wp-page\" data-elementor-id=\"501\" class=\"elementor elementor-501\">\n\t\t\t\t<div class=\"elementor-element elementor-element-07216de e-flex e-con-boxed e-con e-parent\" data-id=\"07216de\" data-element_type=\"container\" data-e-type=\"container\" data-settings=\"{&quot;background_background&quot;:&quot;classic&quot;}\">\n\t\t\t\t\t<div class=\"e-con-inner\">\n\t\t\t\t<div class=\"elementor-element elementor-element-1541f63 elementor-widget-divider--view-line elementor-widget elementor-widget-divider\" data-id=\"1541f63\" data-element_type=\"widget\" data-e-type=\"widget\" data-widget_type=\"divider.default\">\n\t\t\t\t<div class=\"elementor-widget-container\">\n\t\t\t\t\t\t\t<div class=\"elementor-divider\">\n\t\t\t<span class=\"elementor-divider-separator\">\n\t\t\t\t\t\t<\/span>\n\t\t<\/div>\n\t\t\t\t\t\t<\/div>\n\t\t\t\t<\/div>\n\t\t<div class=\"elementor-element elementor-element-0ee2b60 e-con-full e-flex e-con e-child\" data-id=\"0ee2b60\" data-element_type=\"container\" data-e-type=\"container\" data-settings=\"{&quot;background_background&quot;:&quot;classic&quot;}\">\n\t\t\t\t<div class=\"elementor-element elementor-element-df3a3b8 elementor-widget elementor-widget-heading\" data-id=\"df3a3b8\" data-element_type=\"widget\" data-e-type=\"widget\" data-widget_type=\"heading.default\">\n\t\t\t\t<div class=\"elementor-widget-container\">\n\t\t\t\t\t<h1 class=\"elementor-heading-title elementor-size-default\">Kontakt<\/h1>\t\t\t\t<\/div>\n\t\t\t\t<\/div>\n\t\t\t\t<\/div>\n\t\t<div class=\"elementor-element elementor-element-c4c65e1 e-con-full e-flex e-con e-child\" data-id=\"c4c65e1\" data-element_type=\"container\" data-e-type=\"container\">\n\t\t\t\t<\/div>\n\t\t\t\t\t<\/div>\n\t\t\t\t<\/div>\n\t\t<div class=\"elementor-element elementor-element-79050ca e-flex e-con-boxed e-con e-parent\" data-id=\"79050ca\" data-element_type=\"container\" data-e-type=\"container\">\n\t\t\t\t\t<div class=\"e-con-inner\">\n\t\t\t\t<div class=\"elementor-element elementor-element-3e3cc09 elementor-widget elementor-widget-text-editor\" data-id=\"3e3cc09\" data-element_type=\"widget\" data-e-type=\"widget\" data-widget_type=\"text-editor.default\">\n\t\t\t\t<div class=\"elementor-widget-container\">\n\t\t\t\t\t\t\t\t\t<h5>Testimonials<\/h5>\t\t\t\t\t\t\t\t<\/div>\n\t\t\t\t<\/div>\n\t\t\t\t<div class=\"elementor-element elementor-element-6c19cfa elementor-widget elementor-widget-text-editor\" data-id=\"6c19cfa\" data-element_type=\"widget\" data-e-type=\"widget\" data-widget_type=\"text-editor.default\">\n\t\t\t\t<div class=\"elementor-widget-container\">\n\t\t\t\t\t\t\t\t\t<p><em>Jessica hat nicht nur das Onboarding des neuen Gesch\u00e4ftsf\u00fchrers unseres Kunden \u00fcbernommen, sie sorgte auch f\u00fcr eine deutliche Steigerung der Kundenzufriedenheit im Bereich Digital.<\/em><\/p>\t\t\t\t\t\t\t\t<\/div>\n\t\t\t\t<\/div>\n\t\t\t\t<div class=\"elementor-element elementor-element-b360d64 elementor-widget elementor-widget-text-editor\" data-id=\"b360d64\" data-element_type=\"widget\" data-e-type=\"widget\" data-widget_type=\"text-editor.default\">\n\t\t\t\t<div class=\"elementor-widget-container\">\n\t\t\t\t\t\t\t\t\t<p>Mindshare GmbH<\/p>\t\t\t\t\t\t\t\t<\/div>\n\t\t\t\t<\/div>\n\t\t\t\t\t<\/div>\n\t\t\t\t<\/div>\n\t\t<div class=\"elementor-element elementor-element-0495ae0 e-flex e-con-boxed e-con e-parent\" data-id=\"0495ae0\" data-element_type=\"container\" data-e-type=\"container\">\n\t\t\t\t\t<div class=\"e-con-inner\">\n\t\t\t\t<div class=\"elementor-element elementor-element-35cda49 elementor-widget elementor-widget-text-editor\" data-id=\"35cda49\" data-element_type=\"widget\" data-e-type=\"widget\" data-widget_type=\"text-editor.default\">\n\t\t\t\t<div class=\"elementor-widget-container\">\n\t\t\t\t\t\t\t\t\t<p><em>Jessica verf\u00fcgt \u00fcber tiefgehendes Fachwissen auch in Randbereichen und \u00fcberzeugt durch analytisches Denkverm\u00f6gen und au\u00dferordentliche Verl\u00e4sslichkeit<\/em><\/p>\t\t\t\t\t\t\t\t<\/div>\n\t\t\t\t<\/div>\n\t\t\t\t<div class=\"elementor-element elementor-element-3532713 elementor-widget elementor-widget-text-editor\" data-id=\"3532713\" data-element_type=\"widget\" data-e-type=\"widget\" data-widget_type=\"text-editor.default\">\n\t\t\t\t<div class=\"elementor-widget-container\">\n\t\t\t\t\t\t\t\t\t<p>Kim B.<\/p>\t\t\t\t\t\t\t\t<\/div>\n\t\t\t\t<\/div>\n\t\t\t\t\t<\/div>\n\t\t\t\t<\/div>\n\t\t<div class=\"elementor-element elementor-element-5e169cb e-flex e-con-boxed e-con e-parent\" data-id=\"5e169cb\" data-element_type=\"container\" data-e-type=\"container\" data-settings=\"{&quot;background_background&quot;:&quot;classic&quot;}\">\n\t\t\t\t\t<div class=\"e-con-inner\">\n\t\t<div class=\"elementor-element elementor-element-431e086 e-con-full e-flex e-con e-child\" data-id=\"431e086\" data-element_type=\"container\" data-e-type=\"container\">\n\t\t\t\t<div class=\"elementor-element elementor-element-1a01f56 elementor-widget elementor-widget-heading\" data-id=\"1a01f56\" data-element_type=\"widget\" data-e-type=\"widget\" data-widget_type=\"heading.default\">\n\t\t\t\t<div class=\"elementor-widget-container\">\n\t\t\t\t\t<h2 class=\"elementor-heading-title elementor-size-default\">Du hast noch offene Fragen oder m\u00f6chtest ein Angebot anfragen? \n\n\nDann nimme gerne Kontakt mit mir auf!<\/h2>\t\t\t\t<\/div>\n\t\t\t\t<\/div>\n\t\t\t\t<\/div>\n\t\t<div class=\"elementor-element elementor-element-d0c2e97 e-con-full e-flex e-con e-child\" data-id=\"d0c2e97\" data-element_type=\"container\" data-e-type=\"container\">\n\t\t\t\t<div class=\"elementor-element elementor-element-6486ff3 elementor-widget elementor-widget-wpforms\" data-id=\"6486ff3\" data-element_type=\"widget\" data-e-type=\"widget\" data-widget_type=\"wpforms.default\">\n\t\t\t\t<div class=\"elementor-widget-container\">\n\t\t\t\t\t<div class=\"wpforms-container \" id=\"wpforms-245\"><form id=\"wpforms-form-245\" class=\"wpforms-validate wpforms-form wpforms-ajax-form\" data-formid=\"245\" method=\"post\" enctype=\"multipart\/form-data\" action=\"\/en\/wp-json\/wp\/v2\/pages\/501\" data-token=\"cbd3362773e1e6278c8866aecab9fe91\" data-token-time=\"1776777708\"><noscript class=\"wpforms-error-noscript\">Please enable JavaScript in your browser to complete this form.<\/noscript><div class=\"wpforms-field-container\"><div id=\"wpforms-245-field_0-container\" class=\"wpforms-field wpforms-field-name\" data-field-id=\"0\"><label class=\"wpforms-field-label\">Name <span class=\"wpforms-required-label\">*<\/span><\/label><div class=\"wpforms-field-row wpforms-field-large\"><div class=\"wpforms-field-row-block wpforms-first wpforms-one-half\"><input type=\"text\" id=\"wpforms-245-field_0\" class=\"wpforms-field-name-first wpforms-field-required\" name=\"wpforms[fields][0][first]\" required><label for=\"wpforms-245-field_0\" class=\"wpforms-field-sublabel after\">First<\/label><\/div><div class=\"wpforms-field-row-block wpforms-one-half\"><input type=\"text\" id=\"wpforms-245-field_0-last\" class=\"wpforms-field-name-last wpforms-field-required\" name=\"wpforms[fields][0][last]\" required><label for=\"wpforms-245-field_0-last\" class=\"wpforms-field-sublabel after\">Last<\/label><\/div><\/div><\/div><div id=\"wpforms-245-field_1-container\" class=\"wpforms-field wpforms-field-email\" data-field-id=\"1\"><label class=\"wpforms-field-label\" for=\"wpforms-245-field_1\">Email <span class=\"wpforms-required-label\">*<\/span><\/label><input type=\"email\" id=\"wpforms-245-field_1\" class=\"wpforms-field-large wpforms-field-required\" name=\"wpforms[fields][1]\" spellcheck=\"false\" required><\/div><div id=\"wpforms-245-field_2-container\" class=\"wpforms-field wpforms-field-textarea\" data-field-id=\"2\"><label class=\"wpforms-field-label\" for=\"wpforms-245-field_2\">Message <span class=\"wpforms-required-label\">*<\/span><\/label><textarea id=\"wpforms-245-field_2\" class=\"wpforms-field-medium wpforms-field-required\" name=\"wpforms[fields][2]\" required><\/textarea><\/div><\/div><!-- .wpforms-field-container --><div class=\"wpforms-submit-container\" ><input type=\"hidden\" name=\"wpforms[id]\" value=\"245\"><input type=\"hidden\" name=\"page_title\" value=\"\"><input type=\"hidden\" name=\"page_url\" value=\"https:\/\/jf-digital-marketing-media-consulting.de\/en\/wp-json\/wp\/v2\/pages\/501\"><input type=\"hidden\" name=\"url_referer\" value=\"\"><button type=\"submit\" name=\"wpforms[submit]\" id=\"wpforms-submit-245\" class=\"wpforms-submit\" data-alt-text=\"Sendet...\" data-submit-text=\"Senden\" aria-live=\"assertive\" value=\"wpforms-submit\">Senden<\/button><img decoding=\"async\" src=\"https:\/\/jf-digital-marketing-media-consulting.de\/wp-content\/plugins\/wpforms-lite\/assets\/images\/submit-spin.svg\" class=\"wpforms-submit-spinner\" style=\"display: none;\" width=\"26\" height=\"26\" alt=\"Loading\"><\/div><\/form><\/div>  <!-- .wpforms-container -->\t\t\t\t<\/div>\n\t\t\t\t<\/div>\n\t\t\t\t<\/div>\n\t\t\t\t\t<\/div>\n\t\t\t\t<\/div>\n\t\t\t\t<\/div>\n\t\t","protected":false},"excerpt":{"rendered":"<p>Kontakt Testimonials Jessica hat nicht nur das Onboarding des neuen Gesch\u00e4ftsf\u00fchrers unseres Kunden \u00fcbernommen, sie sorgte auch f\u00fcr eine deutliche Steigerung der Kundenzufriedenheit im Bereich Digital. Mindshare GmbH Jessica verf\u00fcgt \u00fcber tiefgehendes Fachwissen auch in Randbereichen und \u00fcberzeugt durch analytisches Denkverm\u00f6gen und au\u00dferordentliche Verl\u00e4sslichkeit Kim B. Du hast noch offene Fragen oder m\u00f6chtest ein Angebot [&hellip;]<\/p>\n","protected":false},"author":1,"featured_media":0,"parent":0,"menu_order":0,"comment_status":"closed","ping_status":"closed","template":"","meta":{"site-sidebar-layout":"no-sidebar","site-content-layout":"page-builder","ast-site-content-layout":"full-width-container","site-content-style":"unboxed","site-sidebar-style":"unboxed","ast-global-header-display":"","ast-banner-title-visibility":"","ast-main-header-display":"","ast-hfb-above-header-display":"","ast-hfb-below-header-display":"","ast-hfb-mobile-header-display":"","site-post-title":"disabled","ast-breadcrumbs-content":"disabled","ast-featured-img":"disabled","footer-sml-layout":"","ast-disable-related-posts":"","theme-transparent-header-meta":"enabled","adv-header-id-meta":"","stick-header-meta":"","header-above-stick-meta":"","header-main-stick-meta":"","header-below-stick-meta":"","astra-migrate-meta-layouts":"set","ast-page-background-enabled":"default","ast-page-background-meta":{"desktop":{"background-color":"","background-image":"","background-repeat":"repeat","background-position":"center center","background-size":"auto","background-attachment":"scroll","background-type":"","background-media":"","overlay-type":"","overlay-color":"","overlay-opacity":"","overlay-gradient":""},"tablet":{"background-color":"","background-image":"","background-repeat":"repeat","background-position":"center center","background-size":"auto","background-attachment":"scroll","background-type":"","background-media":"","overlay-type":"","overlay-color":"","overlay-opacity":"","overlay-gradient":""},"mobile":{"background-color":"","background-image":"","background-repeat":"repeat","background-position":"center center","background-size":"auto","background-attachment":"scroll","background-type":"","background-media":"","overlay-type":"","overlay-color":"","overlay-opacity":"","overlay-gradient":""}},"ast-content-background-meta":{"desktop":{"background-color":"var(--ast-global-color-5)","background-image":"","background-repeat":"repeat","background-position":"center center","background-size":"auto","background-attachment":"scroll","background-type":"","background-media":"","overlay-type":"","overlay-color":"","overlay-opacity":"","overlay-gradient":""},"tablet":{"background-color":"var(--ast-global-color-5)","background-image":"","background-repeat":"repeat","background-position":"center center","background-size":"auto","background-attachment":"scroll","background-type":"","background-media":"","overlay-type":"","overlay-color":"","overlay-opacity":"","overlay-gradient":""},"mobile":{"background-color":"var(--ast-global-color-5)","background-image":"","background-repeat":"repeat","background-position":"center center","background-size":"auto","background-attachment":"scroll","background-type":"","background-media":"","overlay-type":"","overlay-color":"","overlay-opacity":"","overlay-gradient":""}},"footnotes":""},"class_list":["post-501","page","type-page","status-publish","hentry"],"yoast_head":"<!-- This site is optimized with the Yoast SEO plugin v27.4 - https:\/\/yoast.com\/product\/yoast-seo-wordpress\/ -->\n<title>Kontakt - Angebot<\/title>\n<meta name=\"description\" content=\"Nimm f\u00fcr ein konkretes Angebot gerne Kontakt mit mir auf!\" \/>\n<meta name=\"robots\" content=\"index, follow, max-snippet:-1, max-image-preview:large, max-video-preview:-1\" \/>\n<link rel=\"canonical\" href=\"https:\/\/jf-digital-marketing-media-consulting.de\/en\/kontakt\/\" \/>\n<meta property=\"og:locale\" content=\"en_US\" \/>\n<meta property=\"og:type\" content=\"article\" \/>\n<meta property=\"og:title\" content=\"Kontakt - Angebot\" \/>\n<meta property=\"og:description\" content=\"Nimm f\u00fcr ein konkretes Angebot gerne Kontakt mit mir auf!\" \/>\n<meta property=\"og:url\" content=\"https:\/\/jf-digital-marketing-media-consulting.de\/en\/kontakt\/\" \/>\n<meta property=\"og:site_name\" content=\"Angebot\" \/>\n<meta property=\"article:modified_time\" content=\"2026-04-14T12:53:29+00:00\" \/>\n<meta name=\"twitter:card\" content=\"summary_large_image\" \/>\n<meta name=\"twitter:label1\" content=\"Est. reading time\" \/>\n\t<meta name=\"twitter:data1\" content=\"1 minute\" \/>\n<script type=\"application\/ld+json\" class=\"yoast-schema-graph\">{\"@context\":\"https:\\\/\\\/schema.org\",\"@graph\":[{\"@type\":\"WebPage\",\"@id\":\"https:\\\/\\\/jf-digital-marketing-media-consulting.de\\\/kontakt\\\/\",\"url\":\"https:\\\/\\\/jf-digital-marketing-media-consulting.de\\\/kontakt\\\/\",\"name\":\"Kontakt - Angebot\",\"isPartOf\":{\"@id\":\"https:\\\/\\\/jf-digital-marketing-media-consulting.de\\\/#website\"},\"datePublished\":\"2025-06-06T09:36:47+00:00\",\"dateModified\":\"2026-04-14T12:53:29+00:00\",\"description\":\"Nimm f\u00fcr ein konkretes Angebot gerne Kontakt mit mir auf!\",\"breadcrumb\":{\"@id\":\"https:\\\/\\\/jf-digital-marketing-media-consulting.de\\\/kontakt\\\/#breadcrumb\"},\"inLanguage\":\"en-NZ\",\"potentialAction\":[{\"@type\":\"ReadAction\",\"target\":[\"https:\\\/\\\/jf-digital-marketing-media-consulting.de\\\/kontakt\\\/\"]}]},{\"@type\":\"BreadcrumbList\",\"@id\":\"https:\\\/\\\/jf-digital-marketing-media-consulting.de\\\/kontakt\\\/#breadcrumb\",\"itemListElement\":[{\"@type\":\"ListItem\",\"position\":1,\"name\":\"Startseite\",\"item\":\"https:\\\/\\\/jf-digital-marketing-media-consulting.de\\\/\"},{\"@type\":\"ListItem\",\"position\":2,\"name\":\"Kontakt\"}]},{\"@type\":\"WebSite\",\"@id\":\"https:\\\/\\\/jf-digital-marketing-media-consulting.de\\\/#website\",\"url\":\"https:\\\/\\\/jf-digital-marketing-media-consulting.de\\\/\",\"name\":\"Home\",\"description\":\"Einstiegsangebot\",\"publisher\":{\"@id\":\"https:\\\/\\\/jf-digital-marketing-media-consulting.de\\\/#organization\"},\"potentialAction\":[{\"@type\":\"SearchAction\",\"target\":{\"@type\":\"EntryPoint\",\"urlTemplate\":\"https:\\\/\\\/jf-digital-marketing-media-consulting.de\\\/?s={search_term_string}\"},\"query-input\":{\"@type\":\"PropertyValueSpecification\",\"valueRequired\":true,\"valueName\":\"search_term_string\"}}],\"inLanguage\":\"en-NZ\"},{\"@type\":\"Organization\",\"@id\":\"https:\\\/\\\/jf-digital-marketing-media-consulting.de\\\/#organization\",\"name\":\"Jessica F\u00fcrch Digital Marketing & Media Consulting\",\"url\":\"https:\\\/\\\/jf-digital-marketing-media-consulting.de\\\/\",\"logo\":{\"@type\":\"ImageObject\",\"inLanguage\":\"en-NZ\",\"@id\":\"https:\\\/\\\/jf-digital-marketing-media-consulting.de\\\/#\\\/schema\\\/logo\\\/image\\\/\",\"url\":\"https:\\\/\\\/jf-digital-marketing-media-consulting.de\\\/wp-content\\\/uploads\\\/2025\\\/06\\\/cropped-cropped-logo-photoshop_2-1.jpg\",\"contentUrl\":\"https:\\\/\\\/jf-digital-marketing-media-consulting.de\\\/wp-content\\\/uploads\\\/2025\\\/06\\\/cropped-cropped-logo-photoshop_2-1.jpg\",\"width\":512,\"height\":512,\"caption\":\"Jessica F\u00fcrch Digital Marketing & Media Consulting\"},\"image\":{\"@id\":\"https:\\\/\\\/jf-digital-marketing-media-consulting.de\\\/#\\\/schema\\\/logo\\\/image\\\/\"}}]}<\/script>\n<!-- \/ Yoast SEO plugin. -->","yoast_head_json":{"title":"Kontakt - Angebot","description":"Nimm f\u00fcr ein konkretes Angebot gerne Kontakt mit mir auf!","robots":{"index":"index","follow":"follow","max-snippet":"max-snippet:-1","max-image-preview":"max-image-preview:large","max-video-preview":"max-video-preview:-1"},"canonical":"https:\/\/jf-digital-marketing-media-consulting.de\/en\/kontakt\/","og_locale":"en_US","og_type":"article","og_title":"Kontakt - Angebot","og_description":"Nimm f\u00fcr ein konkretes Angebot gerne Kontakt mit mir auf!","og_url":"https:\/\/jf-digital-marketing-media-consulting.de\/en\/kontakt\/","og_site_name":"Angebot","article_modified_time":"2026-04-14T12:53:29+00:00","twitter_card":"summary_large_image","twitter_misc":{"Est. reading time":"1 minute"},"schema":{"@context":"https:\/\/schema.org","@graph":[{"@type":"WebPage","@id":"https:\/\/jf-digital-marketing-media-consulting.de\/kontakt\/","url":"https:\/\/jf-digital-marketing-media-consulting.de\/kontakt\/","name":"Kontakt - Angebot","isPartOf":{"@id":"https:\/\/jf-digital-marketing-media-consulting.de\/#website"},"datePublished":"2025-06-06T09:36:47+00:00","dateModified":"2026-04-14T12:53:29+00:00","description":"Nimm f\u00fcr ein konkretes Angebot gerne Kontakt mit mir auf!","breadcrumb":{"@id":"https:\/\/jf-digital-marketing-media-consulting.de\/kontakt\/#breadcrumb"},"inLanguage":"en-NZ","potentialAction":[{"@type":"ReadAction","target":["https:\/\/jf-digital-marketing-media-consulting.de\/kontakt\/"]}]},{"@type":"BreadcrumbList","@id":"https:\/\/jf-digital-marketing-media-consulting.de\/kontakt\/#breadcrumb","itemListElement":[{"@type":"ListItem","position":1,"name":"Startseite","item":"https:\/\/jf-digital-marketing-media-consulting.de\/"},{"@type":"ListItem","position":2,"name":"Kontakt"}]},{"@type":"WebSite","@id":"https:\/\/jf-digital-marketing-media-consulting.de\/#website","url":"https:\/\/jf-digital-marketing-media-consulting.de\/","name":"Home","description":"Einstiegsangebot","publisher":{"@id":"https:\/\/jf-digital-marketing-media-consulting.de\/#organization"},"potentialAction":[{"@type":"SearchAction","target":{"@type":"EntryPoint","urlTemplate":"https:\/\/jf-digital-marketing-media-consulting.de\/?s={search_term_string}"},"query-input":{"@type":"PropertyValueSpecification","valueRequired":true,"valueName":"search_term_string"}}],"inLanguage":"en-NZ"},{"@type":"Organization","@id":"https:\/\/jf-digital-marketing-media-consulting.de\/#organization","name":"Jessica F\u00fcrch Digital Marketing & Media Consulting","url":"https:\/\/jf-digital-marketing-media-consulting.de\/","logo":{"@type":"ImageObject","inLanguage":"en-NZ","@id":"https:\/\/jf-digital-marketing-media-consulting.de\/#\/schema\/logo\/image\/","url":"https:\/\/jf-digital-marketing-media-consulting.de\/wp-content\/uploads\/2025\/06\/cropped-cropped-logo-photoshop_2-1.jpg","contentUrl":"https:\/\/jf-digital-marketing-media-consulting.de\/wp-content\/uploads\/2025\/06\/cropped-cropped-logo-photoshop_2-1.jpg","width":512,"height":512,"caption":"Jessica F\u00fcrch Digital Marketing & Media Consulting"},"image":{"@id":"https:\/\/jf-digital-marketing-media-consulting.de\/#\/schema\/logo\/image\/"}}]}},"jetpack_sharing_enabled":true,"_links":{"self":[{"href":"https:\/\/jf-digital-marketing-media-consulting.de\/en\/wp-json\/wp\/v2\/pages\/501","targetHints":{"allow":["GET"]}}],"collection":[{"href":"https:\/\/jf-digital-marketing-media-consulting.de\/en\/wp-json\/wp\/v2\/pages"}],"about":[{"href":"https:\/\/jf-digital-marketing-media-consulting.de\/en\/wp-json\/wp\/v2\/types\/page"}],"author":[{"embeddable":true,"href":"https:\/\/jf-digital-marketing-media-consulting.de\/en\/wp-json\/wp\/v2\/users\/1"}],"replies":[{"embeddable":true,"href":"https:\/\/jf-digital-marketing-media-consulting.de\/en\/wp-json\/wp\/v2\/comments?post=501"}],"version-history":[{"count":25,"href":"https:\/\/jf-digital-marketing-media-consulting.de\/en\/wp-json\/wp\/v2\/pages\/501\/revisions"}],"predecessor-version":[{"id":1576,"href":"https:\/\/jf-digital-marketing-media-consulting.de\/en\/wp-json\/wp\/v2\/pages\/501\/revisions\/1576"}],"wp:attachment":[{"href":"https:\/\/jf-digital-marketing-media-consulting.de\/en\/wp-json\/wp\/v2\/media?parent=501"}],"curies":[{"name":"wp","href":"https:\/\/api.w.org\/{rel}","templated":true}]}}